{"id":2,"date":"2008-09-24T01:46:18","date_gmt":"2008-09-24T06:46:18","guid":{"rendered":""},"modified":"2008-09-24T09:55:26","modified_gmt":"2008-09-24T14:55:26","slug":"acerca_de","status":"publish","type":"page","link":"https:\/\/299792458.es\/?page_id=2","title":{"rendered":"Acerca de"},"content":{"rendered":"<p>Este blog est\u00e1 escrito por <a title=\"FJRA\" href=\"http:\/\/fjra.es\" target=\"_blank\">FJRA<\/a>. En general todo lo escrito ser\u00e1 libre, a no ser que diga lo contrario.<\/p>\n<p>El formato del blog est\u00e1 pensado para navegar con l\u00ednea de comandos. Comandos \u00fatiles: ayuda (para ver la ayuda de los comandos), cat (para leer un post), cloud (palabras claves), comments (ver comentarios), comment (hacer un comentario al post actual que se est\u00e9 viendo).<\/p>\n<p>Cualquier sugerencia hacerla llegar al correo: fjra@fjra.es.<\/p>\n","protected":false},"excerpt":{"rendered":"<p>Este blog est\u00e1 escrito por FJRA. En general todo lo escrito ser\u00e1 libre, a no ser que diga lo contrario. El formato del blog est\u00e1 pensado para navegar con l\u00ednea de comandos. Comandos \u00fatiles: ayuda (para ver la ayuda de los comandos), cat (para leer un post), cloud (palabras claves), comments (ver comentarios), comment (hacer [&hellip;]<\/p>\n","protected":false},"author":1,"featured_media":0,"parent":0,"menu_order":0,"comment_status":"open","ping_status":"open","template":"","meta":{"footnotes":""},"class_list":["post-2","page","type-page","status-publish","hentry"],"_links":{"self":[{"href":"https:\/\/299792458.es\/index.php?rest_route=\/wp\/v2\/pages\/2","targetHints":{"allow":["GET"]}}],"collection":[{"href":"https:\/\/299792458.es\/index.php?rest_route=\/wp\/v2\/pages"}],"about":[{"href":"https:\/\/299792458.es\/index.php?rest_route=\/wp\/v2\/types\/page"}],"author":[{"embeddable":true,"href":"https:\/\/299792458.es\/index.php?rest_route=\/wp\/v2\/users\/1"}],"replies":[{"embeddable":true,"href":"https:\/\/299792458.es\/index.php?rest_route=%2Fwp%2Fv2%2Fcomments&post=2"}],"version-history":[{"count":7,"href":"https:\/\/299792458.es\/index.php?rest_route=\/wp\/v2\/pages\/2\/revisions"}],"predecessor-version":[{"id":15,"href":"https:\/\/299792458.es\/index.php?rest_route=\/wp\/v2\/pages\/2\/revisions\/15"}],"wp:attachment":[{"href":"https:\/\/299792458.es\/index.php?rest_route=%2Fwp%2Fv2%2Fmedia&parent=2"}],"curies":[{"name":"wp","href":"https:\/\/api.w.org\/{rel}","templated":true}]}}